{"id":212,"date":"2025-09-03T22:52:55","date_gmt":"2025-09-03T20:52:55","guid":{"rendered":"https:\/\/www.fahrschule-theisinger.de\/?page_id=212"},"modified":"2025-09-03T23:46:33","modified_gmt":"2025-09-03T21:46:33","slug":"prueftermin-kann-nicht-wahrgenommen-werden","status":"publish","type":"page","link":"https:\/\/www.fahrschule-theisinger.de\/?page_id=212","title":{"rendered":"PR\u00dcFTERMIN KANN NICHT WAHRGENOMMEN WERDEN!"},"content":{"rendered":"\n<h2 class=\"wp-block-heading\"><strong>Verhinderung durch Krankheit:<\/strong><\/h2>\n\n\n\n<p>Wenn Du nicht an der Pr\u00fcfung teilnehmen kannst, musst Du diese beim T\u00dcV absagen. Wir bieten Dir als Service dieses Formular an, um die Informationen schnell und vollst\u00e4ndig direkt an den T\u00dcV zu \u00fcbermitteln.<\/p>\n\n\n\n<p>Bitte beachte die Spielregeln vom T\u00dcV, die wir Dir <a href=\"https:\/\/www.tuvsud.com\/de-de\/branchen\/mobilitaet-und-automotive\/fuehrerschein-und-pruefung\/fuehrerschein-und-pruefung\/fuehrerschein-faq?vanity-URL=empty\" target=\"_blank\" rel=\"noreferrer noopener\">hier<\/a> zur Verf\u00fcgung stellen.<\/p>\n\n\n<style id=\"wpforms-css-vars-216\">\n\t\t\t\t#wpforms-216 {\n\t\t\t\t--wpforms-field-size-input-height: 43px;\n--wpforms-field-size-input-spacing: 15px;\n--wpforms-field-size-font-size: 16px;\n--wpforms-field-size-line-height: 19px;\n--wpforms-field-size-padding-h: 14px;\n--wpforms-field-size-checkbox-size: 16px;\n--wpforms-field-size-sublabel-spacing: 5px;\n--wpforms-field-size-icon-size: 1;\n--wpforms-label-size-font-size: 16px;\n--wpforms-label-size-line-height: 19px;\n--wpforms-label-size-sublabel-font-size: 14px;\n--wpforms-label-size-sublabel-line-height: 17px;\n--wpforms-button-size-font-size: 17px;\n--wpforms-button-size-height: 41px;\n--wpforms-button-size-padding-h: 15px;\n--wpforms-button-size-margin-top: 10px;\n--wpforms-container-shadow-size-box-shadow: none;\n\n\t\t\t}\n\t\t\t<\/style><div class=\"wpforms-container wpforms-container-full wpforms-render-modern\" id=\"wpforms-216\"><form id=\"wpforms-form-216\" class=\"wpforms-validate wpforms-form wpforms-ajax-form\" data-formid=\"216\" method=\"post\" enctype=\"multipart\/form-data\" action=\"\/index.php?rest_route=%2Fwp%2Fv2%2Fpages%2F212&#038;wpforms_form_id=216\" data-token=\"8327c04282a0a937e21f04fc920c0244\" data-token-time=\"1778068410\"><noscript class=\"wpforms-error-noscript\">Bitte aktiviere JavaScript in deinem Browser, um dieses Formular fertigzustellen.<\/noscript><div id=\"wpforms-error-noscript\" style=\"display: none;\">Bitte aktiviere JavaScript in deinem Browser, um dieses Formular fertigzustellen.<\/div><div class=\"wpforms-field-container\"><div id=\"wpforms-216-field_1-container\" class=\"wpforms-field wpforms-field-name\" data-field-id=\"1\"><fieldset><legend class=\"wpforms-field-label\">Name <span class=\"wpforms-required-label\" aria-hidden=\"true\">*<\/span><\/legend><div class=\"wpforms-field-row wpforms-field-medium\"><div class=\"wpforms-field-row-block wpforms-first wpforms-one-half\"><input type=\"text\" id=\"wpforms-216-field_1\" class=\"wpforms-field-name-first wpforms-field-required\" name=\"wpforms[fields][1][first]\" aria-errormessage=\"wpforms-216-field_1-error\" required><label for=\"wpforms-216-field_1\" class=\"wpforms-field-sublabel after\">Vorname<\/label><\/div><div class=\"wpforms-field-row-block wpforms-one-half\"><input type=\"text\" id=\"wpforms-216-field_1-last\" class=\"wpforms-field-name-last wpforms-field-required\" name=\"wpforms[fields][1][last]\" aria-errormessage=\"wpforms-216-field_1-last-error\" required><label for=\"wpforms-216-field_1-last\" class=\"wpforms-field-sublabel after\">Nachname<\/label><\/div><\/div><\/fieldset><\/div><div id=\"wpforms-216-field_2-container\" class=\"wpforms-field wpforms-field-date-time\" data-field-id=\"2\"><label class=\"wpforms-field-label\" for=\"wpforms-216-field_2\">Geburtsdatum <span class=\"wpforms-required-label\" aria-hidden=\"true\">*<\/span><\/label><div class=\"wpforms-datepicker-wrap\"><input type=\"text\" id=\"wpforms-216-field_2\" class=\"wpforms-field-date-time-date wpforms-datepicker wpforms-field-required wpforms-field-medium\" data-date-format=\"m\/d\/Y\" data-disable-past-dates=\"0\" data-input=\"true\" name=\"wpforms[fields][2][date]\" aria-errormessage=\"wpforms-216-field_2-error\" required><a title=\"Datum leeren\" data-clear role=\"button\" tabindex=\"0\" class=\"wpforms-datepicker-clear\" aria-label=\"Datum leeren\" style=\"display:none;\"><\/a><\/div><\/div><div id=\"wpforms-216-field_3-container\" class=\"wpforms-field wpforms-field-email\" data-field-id=\"3\"><label class=\"wpforms-field-label\" for=\"wpforms-216-field_3\">E-Mail-Adresse <span class=\"wpforms-required-label\" aria-hidden=\"true\">*<\/span><\/label><input type=\"email\" id=\"wpforms-216-field_3\" class=\"wpforms-field-medium wpforms-field-required\" name=\"wpforms[fields][3]\" spellcheck=\"false\" aria-errormessage=\"wpforms-216-field_3-error\" required><\/div>\t\t<div id=\"wpforms-216-field_5-container\"\n\t\t\tclass=\"wpforms-field wpforms-field-text\"\n\t\t\tdata-field-type=\"text\"\n\t\t\tdata-field-id=\"5\"\n\t\t\t>\n\t\t\t<label class=\"wpforms-field-label\" for=\"wpforms-216-field_5\" >konntest der Name<\/label>\n\t\t\t<input type=\"text\" id=\"wpforms-216-field_5\" class=\"wpforms-field-medium\" name=\"wpforms[fields][5]\" >\n\t\t<\/div>\n\t\t<div id=\"wpforms-216-field_4-container\" class=\"wpforms-field wpforms-field-date-time\" data-field-id=\"4\"><fieldset><legend class=\"wpforms-field-label\">Datum \/ Zeit der Pr\u00fcfung <span class=\"wpforms-required-label\" aria-hidden=\"true\">*<\/span><\/legend><div class=\"wpforms-field-row wpforms-field-medium\"><div class=\"wpforms-field-row-block wpforms-date-type-datepicker\"><div class=\"wpforms-datepicker-wrap\"><input type=\"text\" id=\"wpforms-216-field_4\" class=\"wpforms-field-date-time-date wpforms-datepicker wpforms-field-required\" data-date-format=\"m\/d\/Y\" data-disable-past-dates=\"0\" data-input=\"true\" name=\"wpforms[fields][4][date]\" aria-errormessage=\"wpforms-216-field_4-error\" required><a title=\"Datum leeren\" data-clear role=\"button\" tabindex=\"0\" class=\"wpforms-datepicker-clear\" aria-label=\"Datum leeren\" style=\"display:none;\"><\/a><\/div><label for=\"wpforms-216-field_4\" class=\"wpforms-field-sublabel after\">Datum<\/label><\/div><div class=\"wpforms-field-row-block\"><input type=\"text\" id=\"wpforms-216-field_4-time\" class=\"wpforms-field-date-time-time wpforms-timepicker wpforms-field-required\" data-time-format=\"g:i A\" data-step=\"30\" data-rule-time12h=\"true\" name=\"wpforms[fields][4][time]\" aria-errormessage=\"wpforms-216-field_4-time-error\" required><label for=\"wpforms-216-field_4-time\" class=\"wpforms-field-sublabel after\">Zeit<\/label><\/div><\/div><\/fieldset><\/div><div id=\"wpforms-216-field_7-container\" class=\"wpforms-field wpforms-field-radio\" data-field-id=\"7\"><fieldset><legend class=\"wpforms-field-label\">W\u00e4hle Deine Pr\u00fcfung aus <span class=\"wpforms-required-label\" aria-hidden=\"true\">*<\/span><\/legend><ul id=\"wpforms-216-field_7\" class=\"wpforms-field-required\"><li class=\"choice-1 depth-1\"><input type=\"radio\" id=\"wpforms-216-field_7_1\" name=\"wpforms[fields][7]\" value=\"Theoretische Pr\u00fcfung\" aria-errormessage=\"wpforms-216-field_7_1-error\" required ><label class=\"wpforms-field-label-inline\" for=\"wpforms-216-field_7_1\">Theoretische Pr\u00fcfung<\/label><\/li><li class=\"choice-2 depth-1\"><input type=\"radio\" id=\"wpforms-216-field_7_2\" name=\"wpforms[fields][7]\" value=\"Praktische Pr\u00fcfung\" aria-errormessage=\"wpforms-216-field_7_2-error\" required ><label class=\"wpforms-field-label-inline\" for=\"wpforms-216-field_7_2\">Praktische Pr\u00fcfung<\/label><\/li><\/ul><\/fieldset><\/div><div id=\"wpforms-216-field_8-container\" class=\"wpforms-field wpforms-field-radio wpforms-conditional-trigger\" data-field-id=\"8\"><fieldset><legend class=\"wpforms-field-label\">Grund, warum Du nicht an der Pr\u00fcfung teilnehmen konntest <span class=\"wpforms-required-label\" aria-hidden=\"true\">*<\/span><\/legend><ul id=\"wpforms-216-field_8\" class=\"wpforms-field-required\"><li class=\"choice-1 depth-1\"><input type=\"radio\" id=\"wpforms-216-field_8_1\" name=\"wpforms[fields][8]\" value=\"Ich war krank und habe ein Attest\" aria-errormessage=\"wpforms-216-field_8_1-error\" aria-describedby=\"wpforms-216-field_8-description\" required ><label class=\"wpforms-field-label-inline\" for=\"wpforms-216-field_8_1\">Ich war krank und habe ein Attest<\/label><\/li><li class=\"choice-2 depth-1\"><input type=\"radio\" id=\"wpforms-216-field_8_2\" name=\"wpforms[fields][8]\" value=\"Ich konnte aus pers\u00f6nlichen oder beruflichen Gr\u00fcnden nicht an der Pr\u00fcfung teilnehmen. Ich habe kein Attest\" aria-errormessage=\"wpforms-216-field_8_2-error\" aria-describedby=\"wpforms-216-field_8-description\" required ><label class=\"wpforms-field-label-inline\" for=\"wpforms-216-field_8_2\">Ich konnte aus pers\u00f6nlichen oder beruflichen Gr\u00fcnden nicht an der Pr\u00fcfung teilnehmen. Ich habe kein Attest<\/label><\/li><\/ul><div id=\"wpforms-216-field_8-description\" class=\"wpforms-field-description\">Wenn Du ein Attest hast, muss aus dem Attest hervorgehen, dass Du am Pr\u00fcfungstag nicht in der Lage warst, an der Pr\u00fcfung teilzunehmen<\/div><\/fieldset><\/div><div id=\"wpforms-216-field_9-container\" class=\"wpforms-field wpforms-field-file-upload wpforms-conditional-field wpforms-conditional-show\" data-field-id=\"9\" style=\"display:none;\"><label class=\"wpforms-field-label\" for=\"wpforms-216-field_9\">Datei hochladen <span class=\"wpforms-required-label\" aria-hidden=\"true\">*<\/span><\/label><div\n\t\tclass=\"wpforms-uploader\"\n\t\tdata-field-id=\"9\"\n\t\tdata-form-id=\"216\"\n\t\tdata-input-name=\"wpforms_216_9\"\n\t\tdata-extensions=\"pdf,png,jpg,gif\"\n\t\tdata-max-size=\"9437184\"\n\t\tdata-max-file-number=\"1\"\n\t\tdata-post-max-size=\"536870912\"\n\t\tdata-max-parallel-uploads=\"4\"\n\t\tdata-parallel-uploads=\"true\"\n\t\tdata-file-chunk-size=\"2097152\">\n\t<div class=\"dz-message\">\n\t\t<svg viewBox=\"0 0 1024 1024\" focusable=\"false\" data-icon=\"inbox\" width=\"50px\" height=\"50px\" fill=\"currentColor\" aria-hidden=\"true\">\n\t\t\t<path d=\"M885.2 446.3l-.2-.8-112.2-285.1c-5-16.1-19.9-27.2-36.8-27.2H281.2c-17 0-32.1 11.3-36.9 27.6L139.4 443l-.3.7-.2.8c-1.3 4.9-1.7 9.9-1 14.8-.1 1.6-.2 3.2-.2 4.8V830a60.9 60.9 0 0 0 60.8 60.8h627.2c33.5 0 60.8-27.3 60.9-60.8V464.1c0-1.3 0-2.6-.1-3.7.4-4.9 0-9.6-1.3-14.1zm-295.8-43l-.3 15.7c-.8 44.9-31.8 75.1-77.1 75.1-22.1 0-41.1-7.1-54.8-20.6S436 441.2 435.6 419l-.3-15.7H229.5L309 210h399.2l81.7 193.3H589.4zm-375 76.8h157.3c24.3 57.1 76 90.8 140.4 90.8 33.7 0 65-9.4 90.3-27.2 22.2-15.6 39.5-37.4 50.7-63.6h156.5V814H214.4V480.1z\"><\/path>\n\t\t<\/svg>\n\t\t<span class=\"modern-title\">Klicke oder ziehe eine Datei in diesen Bereich zum Hochladen.<\/span>\n\n\t\t\t<\/div>\n<\/div>\n<input\n\t\ttype=\"text\"\n\t\tautocomplete=\"off\"\n\t\treadonly\n\t\tclass=\"dropzone-input\"\n\t\tstyle=\"position:absolute!important;clip:rect(0,0,0,0)!important;height:1px!important;width:1px!important;border:0!important;overflow:hidden!important;padding:0!important;margin:0!important;\"\n\t\tid=\"wpforms-216-field_9\"\n\t\tname=\"wpforms_216_9\" required\t\tvalue=\"\">\n<div id=\"wpforms-216-field_9-description\" class=\"wpforms-field-description\">Max 5 MB. Nur PDF, PNG, GIF, JPF Dateien m\u00f6glich<\/div><\/div><script>\n\t\t\t\t( function() {\n\t\t\t\t\tconst style = document.createElement( 'style' );\n\t\t\t\t\tstyle.appendChild( document.createTextNode( '#wpforms-216-field_5-container { position: absolute !important; overflow: hidden !important; display: inline !important; height: 1px !important; width: 1px !important; z-index: -1000 !important; padding: 0 !important; } #wpforms-216-field_5-container input { visibility: hidden; } #wpforms-conversational-form-page #wpforms-216-field_5-container label { counter-increment: none; }' ) );\n\t\t\t\t\tdocument.head.appendChild( style );\n\t\t\t\t\tdocument.currentScript?.remove();\n\t\t\t\t} )();\n\t\t\t<\/script><\/div><!-- .wpforms-field-container --><div class=\"wpforms-recaptcha-container wpforms-is-recaptcha wpforms-is-recaptcha-type-v3\" ><input type=\"hidden\" name=\"wpforms[recaptcha]\" value=\"\"><\/div><div class=\"wpforms-submit-container\" ><input type=\"hidden\" name=\"wpforms[id]\" value=\"216\"><input type=\"hidden\" name=\"page_title\" value=\"\"><input type=\"hidden\" name=\"page_url\" value=\"https:\/\/www.fahrschule-theisinger.de\/index.php?rest_route=\/wp\/v2\/pages\/212\"><input type=\"hidden\" name=\"url_referer\" value=\"\"><button type=\"submit\" name=\"wpforms[submit]\" id=\"wpforms-submit-216\" class=\"wpforms-submit\" data-alt-text=\"Wird gesendet\u00a0\u2026\" data-submit-text=\"Absenden\" aria-live=\"assertive\" value=\"wpforms-submit\">Absenden<\/button><img loading=\"lazy\" decoding=\"async\" src=\"https:\/\/www.fahrschule-theisinger.de\/wp-content\/plugins\/wpforms\/assets\/images\/submit-spin.svg\" class=\"wpforms-submit-spinner\" style=\"display: none;\" width=\"26\" height=\"26\" alt=\"Wird geladen\"><\/div><\/form><\/div>  <!-- .wpforms-container -->\n","protected":false},"excerpt":{"rendered":"<p>Verhinderung durch Krankheit: Wenn Du nicht an der Pr\u00fcfung teilnehmen kannst, musst Du diese beim T\u00dcV absagen. Wir bieten Dir als Service dieses Formular an, um die Informationen schnell und vollst\u00e4ndig direkt an den T\u00dcV zu \u00fcbermitteln. Bitte beachte die Spielregeln vom T\u00dcV, die wir Dir hier zur Verf\u00fcgung stellen.<\/p>\n","protected":false},"author":1,"featured_media":0,"parent":0,"menu_order":0,"comment_status":"closed","ping_status":"closed","template":"","meta":{"footnotes":""},"class_list":["post-212","page","type-page","status-publish","hentry"],"_links":{"self":[{"href":"https:\/\/www.fahrschule-theisinger.de\/index.php?rest_route=\/wp\/v2\/pages\/212","targetHints":{"allow":["GET"]}}],"collection":[{"href":"https:\/\/www.fahrschule-theisinger.de\/index.php?rest_route=\/wp\/v2\/pages"}],"about":[{"href":"https:\/\/www.fahrschule-theisinger.de\/index.php?rest_route=\/wp\/v2\/types\/page"}],"author":[{"embeddable":true,"href":"https:\/\/www.fahrschule-theisinger.de\/index.php?rest_route=\/wp\/v2\/users\/1"}],"replies":[{"embeddable":true,"href":"https:\/\/www.fahrschule-theisinger.de\/index.php?rest_route=%2Fwp%2Fv2%2Fcomments&post=212"}],"version-history":[{"count":3,"href":"https:\/\/www.fahrschule-theisinger.de\/index.php?rest_route=\/wp\/v2\/pages\/212\/revisions"}],"predecessor-version":[{"id":222,"href":"https:\/\/www.fahrschule-theisinger.de\/index.php?rest_route=\/wp\/v2\/pages\/212\/revisions\/222"}],"wp:attachment":[{"href":"https:\/\/www.fahrschule-theisinger.de\/index.php?rest_route=%2Fwp%2Fv2%2Fmedia&parent=212"}],"curies":[{"name":"wp","href":"https:\/\/api.w.org\/{rel}","templated":true}]}}